{"id":268955,"date":"2020-06-05T17:46:30","date_gmt":"2020-06-05T15:46:30","guid":{"rendered":"https:\/\/www.trinambai.se\/?post_type=product&#038;p=268955"},"modified":"2023-03-16T00:01:58","modified_gmt":"2023-03-15T23:01:58","slug":"larande-i-civilsamhallet","status":"publish","type":"product","link":"https:\/\/trinambai.se\/en\/bocker\/larande-i-civilsamhallet\/","title":{"rendered":"L\u00e4rande i civilsamh\u00e4llet"},"content":{"rendered":"<p>[et_pb_section fb_built=&#8221;1&#8243; _builder_version=&#8221;4.16&#8243; custom_padding=&#8221;0px||||false|false&#8221; global_colors_info=&#8221;{}&#8221;][et_pb_row _builder_version=&#8221;4.16&#8243; background_size=&#8221;initial&#8221; background_position=&#8221;top_left&#8221; background_repeat=&#8221;repeat&#8221; width=&#8221;90%&#8221; max_width=&#8221;75%&#8221; custom_margin=&#8221;2%||||false|false&#8221; custom_padding=&#8221;0px||0px||false|false&#8221; global_colors_info=&#8221;{}&#8221;][et_pb_column type=&#8221;4_4&#8243; _builder_version=&#8221;4.16&#8243; custom_padding=&#8221;|||&#8221; global_colors_info=&#8221;{}&#8221; custom_padding__hover=&#8221;|||&#8221;][et_pb_wc_cart_notice _builder_version=&#8221;4.16&#8243; title_font=&#8221;Open Sans|300||on|||||&#8221; title_text_color=&#8221;#2c4f61&#8243; title_font_size=&#8221;16px&#8221; title_line_height=&#8221;1.8em&#8221; background_color=&#8221;#f8f8f8&#8243; custom_button=&#8221;on&#8221; button_text_size=&#8221;14px&#8221; button_text_color=&#8221;#96c11e&#8221; button_bg_color=&#8221;#f8f8f8&#8243; button_border_radius=&#8221;100px&#8221; button_letter_spacing=&#8221;0px&#8221; button_font=&#8221;Open Sans|300|||||||&#8221; button_custom_padding=&#8221;|4%||4%|false|true&#8221; custom_margin=&#8221;2em|0em|2em|0em|false|false&#8221; custom_padding=&#8221;15px|3%|15px|3%|false|true&#8221; custom_css_main_element=&#8221;outline: 1px solid #2c4f61;||outline-offset: 5px;&#8221; body_font=&#8221;Open Sans|300||on|||||&#8221; body_text_color=&#8221;#2c4f61&#8243; body_font_size=&#8221;16px&#8221; body_line_height=&#8221;1.8em&#8221; global_colors_info=&#8221;{}&#8221;][\/et_pb_wc_cart_notice][\/et_pb_column][\/et_pb_row][et_pb_row column_structure=&#8221;1_2,1_2&#8243; _builder_version=&#8221;4.16&#8243; background_size=&#8221;initial&#8221; background_position=&#8221;top_left&#8221; background_repeat=&#8221;repeat&#8221; width=&#8221;90%&#8221; custom_margin=&#8221;4%||||false|false&#8221; custom_padding=&#8221;0px||||false|false&#8221; global_colors_info=&#8221;{}&#8221;][et_pb_column type=&#8221;1_2&#8243; _builder_version=&#8221;4.16&#8243; custom_padding=&#8221;|||&#8221; global_colors_info=&#8221;{}&#8221; custom_padding__hover=&#8221;|||&#8221;][et_pb_wc_images _builder_version=&#8221;4.16&#8243; global_colors_info=&#8221;{}&#8221;][\/et_pb_wc_images][\/et_pb_column][et_pb_column type=&#8221;1_2&#8243; _builder_version=&#8221;4.16&#8243; custom_padding=&#8221;|0%|||false|false&#8221; global_colors_info=&#8221;{}&#8221; custom_padding__hover=&#8221;|||&#8221;][et_pb_wc_title _builder_version=&#8221;4.16&#8243; header_font=&#8221;Work Sans|600|||||||&#8221; header_text_color=&#8221;#2c4f61&#8243; header_letter_spacing=&#8221;-1px&#8221; header_line_height=&#8221;1.5em&#8221; width=&#8221;100%&#8221; global_colors_info=&#8221;{}&#8221;][\/et_pb_wc_title][et_pb_wc_rating _builder_version=&#8221;4.16&#8243; global_colors_info=&#8221;{}&#8221;][\/et_pb_wc_rating][et_pb_wc_price _builder_version=&#8221;4.16&#8243; body_font=&#8221;Work Sans|300|||||||&#8221; body_text_color=&#8221;#96c11e&#8221; body_font_size=&#8221;22px&#8221; global_colors_info=&#8221;{}&#8221;][\/et_pb_wc_price][et_pb_wc_description _builder_version=&#8221;4.16&#8243; body_font=&#8221;Open Sans|300|||||||&#8221; body_font_size=&#8221;16px&#8221; body_line_height=&#8221;1.6em&#8221; custom_margin=&#8221;||11%||false|false&#8221; global_colors_info=&#8221;{}&#8221;][\/et_pb_wc_description][et_pb_wc_add_to_cart show_stock=&#8221;off&#8221; _builder_version=&#8221;4.16&#8243; fields_background_color=&#8221;#f8f8f8&#8243; fields_text_color=&#8221;#2c4f61&#8243; fields_focus_background_color=&#8221;#f8f8f8&#8243; fields_focus_text_color=&#8221;#2c4f61&#8243; fields_custom_margin=&#8221;-7px||-7px||true|false&#8221; fields_custom_padding=&#8221;0px||||false|false&#8221; field_label_font=&#8221;Open Sans||||||||&#8221; fields_font=&#8221;Work Sans|300|||||||&#8221; fields_text_align=&#8221;center&#8221; fields_font_size=&#8221;16px&#8221; custom_button=&#8221;on&#8221; button_text_size=&#8221;15px&#8221; button_text_color=&#8221;#ffffff&#8221; button_bg_color=&#8221;#2c4f61&#8243; button_border_width=&#8221;0px&#8221; button_border_radius=&#8221;0px&#8221; button_letter_spacing=&#8221;0px&#8221; button_font=&#8221;Open Sans|300||on|||||&#8221; button_icon=&#8221;&#xe015;||divi||400&#8243; button_on_hover=&#8221;off&#8221; button_custom_padding=&#8221;|7%||5%|false|false&#8221; width=&#8221;100%&#8221; body_font=&#8221;Open Sans||||||||&#8221; global_colors_info=&#8221;{}&#8221;][\/et_pb_wc_add_to_cart][\/et_pb_column][\/et_pb_row][et_pb_row _builder_version=&#8221;4.16&#8243; background_size=&#8221;initial&#8221; background_position=&#8221;top_left&#8221; background_repeat=&#8221;repeat&#8221; width=&#8221;100%&#8221; custom_margin=&#8221;3%||||false|false&#8221; global_colors_info=&#8221;{}&#8221;][et_pb_column type=&#8221;4_4&#8243; _builder_version=&#8221;4.16&#8243; custom_padding=&#8221;|||&#8221; global_colors_info=&#8221;{}&#8221; custom_padding__hover=&#8221;|||&#8221;][et_pb_wc_tabs active_tab_background_color=&#8221;#f8f8f8&#8243; inactive_tab_background_color=&#8221;#2c4f61&#8243; active_tab_text_color=&#8221;#2c4f61&#8243; _builder_version=&#8221;4.16&#8243; tab_text_color=&#8221;#f8f8f8&#8243; body_font=&#8221;Open Sans||||||||&#8221; body_text_align=&#8221;justify&#8221; body_text_color=&#8221;#2c4f61&#8243; body_font_size=&#8221;16px&#8221; body_line_height=&#8221;1.6em&#8221; body_ul_type=&#8221;circle&#8221; body_ul_item_indent=&#8221;3%&#8221; body_quote_border_weight=&#8221;0px&#8221; tab_font=&#8221;Open Sans||||||||&#8221; tab_font_size=&#8221;15px&#8221; tab_letter_spacing=&#8221;1px&#8221; tab_line_height=&#8221;2.6em&#8221; body_quote_font=&#8221;Work Sans|500|||||||&#8221; body_quote_text_color=&#8221;#2c4f61&#8243; body_quote_font_size=&#8221;22px&#8221; body_quote_letter_spacing=&#8221;-1px&#8221; body_quote_line_height=&#8221;2.2em&#8221; background_color=&#8221;#f8f8f8&#8243; background_enable_image=&#8221;off&#8221; custom_padding=&#8221;4%|6%|4%|6%|true|true&#8221; border_radii=&#8221;on|11px|11px|11px|11px&#8221; border_width_all=&#8221;0px&#8221; global_colors_info=&#8221;{}&#8221;]\t\t\t\t\t[\/et_pb_wc_tabs][\/et_pb_column][\/et_pb_row][et_pb_row custom_padding_last_edited=&#8221;on|phone&#8221; disabled_on=&#8221;off|off|off&#8221; _builder_version=&#8221;4.16&#8243; background_color=&#8221;rgba(172,210,230,0.08)&#8221; width=&#8221;66%&#8221; width_tablet=&#8221;90%&#8221; width_phone=&#8221;&#8221; width_last_edited=&#8221;on|tablet&#8221; custom_margin=&#8221;6%|auto|6%|auto|true|false&#8221; custom_padding=&#8221;3.3%|3%|0%|3%|false|true&#8221; custom_padding_tablet=&#8221;5%|3%|0%|3%|false|true&#8221; custom_padding_phone=&#8221;6%|7%|0%|7%|false|true&#8221; custom_css_main_element=&#8221;outline: 1px solid #96c11e;||outline-offset: 10px;&#8221; locked=&#8221;off&#8221; global_colors_info=&#8221;{}&#8221;][et_pb_column type=&#8221;4_4&#8243; _builder_version=&#8221;4.16&#8243; global_colors_info=&#8221;{}&#8221;][et_pb_testimonial_slider orderby=&#8221;rand&#8221; b3_testimonial_slider_display_category=&#8221;specificcategory&#8221; include_categories=&#8221;687&#8243; display_client_image=&#8221;off&#8221; show_arrows=&#8221;on&#8221; b3_testimonial_slider_arrows_icon_next=&#8221;&#x35;||divi||400&#8243; b3_testimonial_slider_arrows_icon_prev=&#8221;&#x34;||divi||400&#8243; arrows_custom_color=&#8221;#96c11e&#8221; arrows_custom_size=&#8221;40px&#8221; display_quote=&#8221;off&#8221; ts_dot_nav_custom_color=&#8221;#acd2e6&#8243; ts_active_dot_nav_custom_color=&#8221;#2c4f61&#8243; testimonial_display_star_rating=&#8221;off&#8221; auto=&#8221;off&#8221; _builder_version=&#8221;4.16&#8243; body_font=&#8221;Open Sans|300|||||||&#8221; body_text_align=&#8221;center&#8221; body_text_color=&#8221;#2c4f61&#8243; body_font_size=&#8221;17px&#8221; body_letter_spacing=&#8221;1px&#8221; client_name_fonts_font=&#8221;Work Sans|500|||||||&#8221; client_name_fonts_text_color=&#8221;#2c4f61&#8243; client_name_fonts_font_size=&#8221;17px&#8221; company_name_fonts_font=&#8221;Open Sans|300||on|||||&#8221; company_name_fonts_text_color=&#8221;#96c11e&#8221; company_name_fonts_letter_spacing=&#8221;1px&#8221; global_colors_info=&#8221;{}&#8221;][\/et_pb_testimonial_slider][\/et_pb_column][\/et_pb_row][et_pb_row make_equal=&#8221;on&#8221; _builder_version=&#8221;4.16&#8243; background_size=&#8221;initial&#8221; background_position=&#8221;top_left&#8221; background_repeat=&#8221;repeat&#8221; width=&#8221;90%&#8221; width_tablet=&#8221;90%&#8221; width_last_edited=&#8221;off|tablet&#8221; custom_margin=&#8221;5%||||false|false&#8221; locked=&#8221;off&#8221; global_colors_info=&#8221;{}&#8221;][et_pb_column type=&#8221;4_4&#8243; _builder_version=&#8221;4.16&#8243; custom_padding=&#8221;|||&#8221; global_colors_info=&#8221;{}&#8221; custom_padding__hover=&#8221;|||&#8221;][et_pb_wc_upsells orderby=&#8221;menu_order&#8221; icon_hover_color=&#8221;#96c11e&#8221; hover_overlay_color=&#8221;rgba(172,210,230,0.55)&#8221; _builder_version=&#8221;4.16&#8243; title_font=&#8221;Work Sans|300||on|||||&#8221; title_text_align=&#8221;center&#8221; title_text_color=&#8221;#96c11e&#8221; title_letter_spacing=&#8221;2px&#8221; title_line_height=&#8221;3.3em&#8221; product_title_font=&#8221;Open Sans|300||on|||||&#8221; product_title_text_color=&#8221;#2c4f61&#8243; product_title_font_size=&#8221;18px&#8221; product_title_letter_spacing=&#8221;1px&#8221; product_title_line_height=&#8221;1.4em&#8221; price_font=&#8221;Work Sans|300|||||||&#8221; price_text_color=&#8221;#96c11e&#8221; price_font_size=&#8221;18px&#8221; global_colors_info=&#8221;{}&#8221;][\/et_pb_wc_upsells][\/et_pb_column][\/et_pb_row][\/et_pb_section]<\/p>\n","protected":false},"excerpt":{"rendered":"<p>I denna antologi ger tretton forskare olika perspektiv p\u00e5 l\u00e4rande i civilsamh\u00e4llet.<\/p>","protected":false},"featured_media":269464,"comment_status":"open","ping_status":"closed","template":"","meta":{"_et_pb_use_builder":"on","_et_pb_old_content":"\u00c4r det n\u00e5gonting som \u00e4r speciellt med l\u00e4rande i ideella f\u00f6reningar och r\u00f6relser? M\u00e5nga skulle svara ja p\u00e5 den fr\u00e5gan. Det finns starka folkbildningsideal och f\u00f6rest\u00e4llningar om ideella sektorns s\u00e4rart. Men vad skiljer civilsamh\u00e4llesl\u00e4randet fr\u00e5n l\u00e4rande i andra sammanhang?\r\n\r\nI denna antologi skriver tretton forskare om fr\u00e5gor som demokratil\u00e4rande, pedagogiska innovationer, m\u00f6ten \u00f6ver klassgr\u00e4nser och folkh\u00e4lsa. Bidragen handlar om allt fr\u00e5n folkr\u00f6relser och studief\u00f6rbund till idrottsf\u00f6reningar, lokala medborgarinitiativ, tolfterna och rockband. Utifr\u00e5n ett antal olika perspektiv unders\u00f6ks l\u00e4rprocesser som ber\u00f6r individer, organisationer och hela samh\u00e4llet.\r\n\r\n<strong>Inneh\u00e5llet<\/strong>\r\n<ul>\r\n \t<li>Tobias Harding: Fr\u00e5n folkbildningskonsensus till ifr\u00e5gas\u00e4ttande? Demokratil\u00e4rande i det civila samh\u00e4llets organisationer<\/li>\r\n \t<li>Tobias Malm och Aron Schoug: Studief\u00f6rbundens popul\u00e4rmusikverksamhet \u2013 en plantskola f\u00f6r vad?<\/li>\r\n \t<li>Johanna Ringarp: Fattigbjudning eller kunskapsf\u00f6rmedling? Stockholms arbetarkvinnors m\u00f6te med Tolfterna<\/li>\r\n \t<li>Niklas Hill och Malin Lindberg: Pedagogisk innovation i ideella sektorn<\/li>\r\n \t<li>Karin Redelius: Vad fostrar idrotten till? Om l\u00e4rande i f\u00f6reningsidrott<\/li>\r\n \t<li>PG Fahlstr\u00f6m, Per Gerrevall, Mats Glemne, Marie Hedberg och Susanne Linn\u00e9r: Goda milj\u00f6er f\u00f6r idrottsutveckling<\/li>\r\n \t<li>Anna N\u00f8rholm Lundin: De boende s\u00e4ger nej! Engagemang, mobilisering och organisering f\u00f6r att p\u00e5verka lokala byggnadsplaner<\/li>\r\n<\/ul>\r\n<strong>F\u00f6rfattare:<\/strong> Niklas Hill, Aron Schoug (red.)\r\n<strong>\u00c5r:<\/strong> 2020\r\n<strong>Antal sidor:<\/strong> 300\r\nISBN 978-91-88226-10-5","_et_gb_content_width":"","uix_meta_title":"","uix_meta_description":"","uix_canonical_url":""},"product_brand":[],"product_cat":[36],"product_tag":[680,678,676,677,679],"class_list":{"0":"post-268955","1":"product","2":"type-product","3":"status-publish","4":"has-post-thumbnail","6":"product_cat-forskning-och-idedebatt","7":"product_tag-civila-samhallet","8":"product_tag-civilsamhallet","9":"product_tag-forskning","10":"product_tag-larande","11":"product_tag-pedagogik","13":"first","14":"instock","15":"taxable","16":"shipping-taxable","17":"purchasable","18":"product-type-simple"},"yoast_head":"<!-- This site is optimized with the Yoast SEO plugin v27.4 - https:\/\/yoast.com\/product\/yoast-seo-wordpress\/ -->\n<title>L\u00e4rande i civilsamh\u00e4llet &#8226; Trinambai<\/title>\n<meta name=\"description\" content=\"I denna antologi ger tretton forskare olika perspektiv p\u00e5 l\u00e4rande i civilsamh\u00e4llet.\" \/>\n<meta name=\"robots\" content=\"index, follow, max-snippet:-1, max-image-preview:large, max-video-preview:-1\" \/>\n<link rel=\"canonical\" href=\"https:\/\/trinambai.se\/en\/books-2\/larande-i-civilsamhallet\/\" \/>\n<meta property=\"og:locale\" content=\"en_GB\" \/>\n<meta property=\"og:type\" content=\"article\" \/>\n<meta property=\"og:title\" content=\"L\u00e4rande i civilsamh\u00e4llet &#8226; Trinambai\" \/>\n<meta property=\"og:description\" content=\"I denna antologi ger tretton forskare olika perspektiv p\u00e5 l\u00e4rande i civilsamh\u00e4llet.\" \/>\n<meta property=\"og:url\" content=\"https:\/\/trinambai.se\/en\/books-2\/larande-i-civilsamhallet\/\" \/>\n<meta property=\"og:site_name\" content=\"Trinambai\" \/>\n<meta property=\"article:publisher\" content=\"https:\/\/www.facebook.com\/trinambai\/\" \/>\n<meta property=\"article:modified_time\" content=\"2023-03-15T23:01:58+00:00\" \/>\n<meta property=\"og:image\" content=\"https:\/\/trinambai.se\/wp-content\/uploads\/2020\/12\/Larande-i-civilsamhallet-Trinambai.jpg\" \/>\n\t<meta property=\"og:image:width\" content=\"800\" \/>\n\t<meta property=\"og:image:height\" content=\"533\" \/>\n\t<meta property=\"og:image:type\" content=\"image\/jpeg\" \/>\n<meta name=\"twitter:card\" content=\"summary_large_image\" \/>\n<meta name=\"twitter:site\" content=\"@trinambai\" \/>\n<meta name=\"twitter:label1\" content=\"Estimated reading time\" \/>\n\t<meta name=\"twitter:data1\" content=\"2 minutes\" \/>\n<script type=\"application\/ld+json\" class=\"yoast-schema-graph\">{\"@context\":\"https:\\\/\\\/schema.org\",\"@graph\":[{\"@type\":\"WebPage\",\"@id\":\"https:\\\/\\\/trinambai.se\\\/bocker\\\/larande-i-civilsamhallet\\\/\",\"url\":\"https:\\\/\\\/trinambai.se\\\/bocker\\\/larande-i-civilsamhallet\\\/\",\"name\":\"L\u00e4rande i civilsamh\u00e4llet &#8226; Trinambai\",\"isPartOf\":{\"@id\":\"https:\\\/\\\/trinambai.se\\\/#website\"},\"primaryImageOfPage\":{\"@id\":\"https:\\\/\\\/trinambai.se\\\/bocker\\\/larande-i-civilsamhallet\\\/#primaryimage\"},\"image\":{\"@id\":\"https:\\\/\\\/trinambai.se\\\/bocker\\\/larande-i-civilsamhallet\\\/#primaryimage\"},\"thumbnailUrl\":\"https:\\\/\\\/trinambai.se\\\/wp-content\\\/uploads\\\/2020\\\/12\\\/Larande-i-civilsamhallet-Trinambai.jpg\",\"datePublished\":\"2020-06-05T15:46:30+00:00\",\"dateModified\":\"2023-03-15T23:01:58+00:00\",\"description\":\"I denna antologi ger tretton forskare olika perspektiv p\u00e5 l\u00e4rande i civilsamh\u00e4llet.\",\"breadcrumb\":{\"@id\":\"https:\\\/\\\/trinambai.se\\\/bocker\\\/larande-i-civilsamhallet\\\/#breadcrumb\"},\"inLanguage\":\"en-GB\",\"potentialAction\":[{\"@type\":\"ReadAction\",\"target\":[\"https:\\\/\\\/trinambai.se\\\/bocker\\\/larande-i-civilsamhallet\\\/\"]}]},{\"@type\":\"ImageObject\",\"inLanguage\":\"en-GB\",\"@id\":\"https:\\\/\\\/trinambai.se\\\/bocker\\\/larande-i-civilsamhallet\\\/#primaryimage\",\"url\":\"https:\\\/\\\/trinambai.se\\\/wp-content\\\/uploads\\\/2020\\\/12\\\/Larande-i-civilsamhallet-Trinambai.jpg\",\"contentUrl\":\"https:\\\/\\\/trinambai.se\\\/wp-content\\\/uploads\\\/2020\\\/12\\\/Larande-i-civilsamhallet-Trinambai.jpg\",\"width\":800,\"height\":533,\"caption\":\"L\u00e4rande i civilsamh\u00e4llet Trinambai\"},{\"@type\":\"BreadcrumbList\",\"@id\":\"https:\\\/\\\/trinambai.se\\\/bocker\\\/larande-i-civilsamhallet\\\/#breadcrumb\",\"itemListElement\":[{\"@type\":\"ListItem\",\"position\":1,\"name\":\"Home\",\"item\":\"https:\\\/\\\/trinambai.se\\\/\"},{\"@type\":\"ListItem\",\"position\":2,\"name\":\"Webbutik\",\"item\":\"https:\\\/\\\/trinambai.se\\\/butik\\\/\"},{\"@type\":\"ListItem\",\"position\":3,\"name\":\"L\u00e4rande i civilsamh\u00e4llet\"}]},{\"@type\":\"WebSite\",\"@id\":\"https:\\\/\\\/trinambai.se\\\/#website\",\"url\":\"https:\\\/\\\/trinambai.se\\\/\",\"name\":\"Trinambai\",\"description\":\"Bokf\u00f6rlag, analys, utbildningar\",\"publisher\":{\"@id\":\"https:\\\/\\\/trinambai.se\\\/#organization\"},\"potentialAction\":[{\"@type\":\"SearchAction\",\"target\":{\"@type\":\"EntryPoint\",\"urlTemplate\":\"https:\\\/\\\/trinambai.se\\\/?s={search_term_string}\"},\"query-input\":{\"@type\":\"PropertyValueSpecification\",\"valueRequired\":true,\"valueName\":\"search_term_string\"}}],\"inLanguage\":\"en-GB\"},{\"@type\":\"Organization\",\"@id\":\"https:\\\/\\\/trinambai.se\\\/#organization\",\"name\":\"Trinambai\",\"url\":\"https:\\\/\\\/trinambai.se\\\/\",\"logo\":{\"@type\":\"ImageObject\",\"inLanguage\":\"en-GB\",\"@id\":\"https:\\\/\\\/trinambai.se\\\/#\\\/schema\\\/logo\\\/image\\\/\",\"url\":\"\",\"contentUrl\":\"\",\"caption\":\"Trinambai\"},\"image\":{\"@id\":\"https:\\\/\\\/trinambai.se\\\/#\\\/schema\\\/logo\\\/image\\\/\"},\"sameAs\":[\"https:\\\/\\\/www.facebook.com\\\/trinambai\\\/\",\"https:\\\/\\\/x.com\\\/trinambai\",\"https:\\\/\\\/www.instagram.com\\\/trinambai\\\/\"]}]}<\/script>\n<!-- \/ Yoast SEO plugin. -->","yoast_head_json":{"title":"L\u00e4rande i civilsamh\u00e4llet &#8226; Trinambai","description":"I denna antologi ger tretton forskare olika perspektiv p\u00e5 l\u00e4rande i civilsamh\u00e4llet.","robots":{"index":"index","follow":"follow","max-snippet":"max-snippet:-1","max-image-preview":"max-image-preview:large","max-video-preview":"max-video-preview:-1"},"canonical":"https:\/\/trinambai.se\/en\/books-2\/larande-i-civilsamhallet\/","og_locale":"en_GB","og_type":"article","og_title":"L\u00e4rande i civilsamh\u00e4llet &#8226; Trinambai","og_description":"I denna antologi ger tretton forskare olika perspektiv p\u00e5 l\u00e4rande i civilsamh\u00e4llet.","og_url":"https:\/\/trinambai.se\/en\/books-2\/larande-i-civilsamhallet\/","og_site_name":"Trinambai","article_publisher":"https:\/\/www.facebook.com\/trinambai\/","article_modified_time":"2023-03-15T23:01:58+00:00","og_image":[{"width":800,"height":533,"url":"https:\/\/trinambai.se\/wp-content\/uploads\/2020\/12\/Larande-i-civilsamhallet-Trinambai.jpg","type":"image\/jpeg"}],"twitter_card":"summary_large_image","twitter_site":"@trinambai","twitter_misc":{"Estimated reading time":"2 minutes"},"schema":{"@context":"https:\/\/schema.org","@graph":[{"@type":"WebPage","@id":"https:\/\/trinambai.se\/bocker\/larande-i-civilsamhallet\/","url":"https:\/\/trinambai.se\/bocker\/larande-i-civilsamhallet\/","name":"L\u00e4rande i civilsamh\u00e4llet &#8226; Trinambai","isPartOf":{"@id":"https:\/\/trinambai.se\/#website"},"primaryImageOfPage":{"@id":"https:\/\/trinambai.se\/bocker\/larande-i-civilsamhallet\/#primaryimage"},"image":{"@id":"https:\/\/trinambai.se\/bocker\/larande-i-civilsamhallet\/#primaryimage"},"thumbnailUrl":"https:\/\/trinambai.se\/wp-content\/uploads\/2020\/12\/Larande-i-civilsamhallet-Trinambai.jpg","datePublished":"2020-06-05T15:46:30+00:00","dateModified":"2023-03-15T23:01:58+00:00","description":"I denna antologi ger tretton forskare olika perspektiv p\u00e5 l\u00e4rande i civilsamh\u00e4llet.","breadcrumb":{"@id":"https:\/\/trinambai.se\/bocker\/larande-i-civilsamhallet\/#breadcrumb"},"inLanguage":"en-GB","potentialAction":[{"@type":"ReadAction","target":["https:\/\/trinambai.se\/bocker\/larande-i-civilsamhallet\/"]}]},{"@type":"ImageObject","inLanguage":"en-GB","@id":"https:\/\/trinambai.se\/bocker\/larande-i-civilsamhallet\/#primaryimage","url":"https:\/\/trinambai.se\/wp-content\/uploads\/2020\/12\/Larande-i-civilsamhallet-Trinambai.jpg","contentUrl":"https:\/\/trinambai.se\/wp-content\/uploads\/2020\/12\/Larande-i-civilsamhallet-Trinambai.jpg","width":800,"height":533,"caption":"L\u00e4rande i civilsamh\u00e4llet Trinambai"},{"@type":"BreadcrumbList","@id":"https:\/\/trinambai.se\/bocker\/larande-i-civilsamhallet\/#breadcrumb","itemListElement":[{"@type":"ListItem","position":1,"name":"Home","item":"https:\/\/trinambai.se\/"},{"@type":"ListItem","position":2,"name":"Webbutik","item":"https:\/\/trinambai.se\/butik\/"},{"@type":"ListItem","position":3,"name":"L\u00e4rande i civilsamh\u00e4llet"}]},{"@type":"WebSite","@id":"https:\/\/trinambai.se\/#website","url":"https:\/\/trinambai.se\/","name":"Trinambai","description":"Bokf\u00f6rlag, analys, utbildningar","publisher":{"@id":"https:\/\/trinambai.se\/#organization"},"potentialAction":[{"@type":"SearchAction","target":{"@type":"EntryPoint","urlTemplate":"https:\/\/trinambai.se\/?s={search_term_string}"},"query-input":{"@type":"PropertyValueSpecification","valueRequired":true,"valueName":"search_term_string"}}],"inLanguage":"en-GB"},{"@type":"Organization","@id":"https:\/\/trinambai.se\/#organization","name":"Trinambai","url":"https:\/\/trinambai.se\/","logo":{"@type":"ImageObject","inLanguage":"en-GB","@id":"https:\/\/trinambai.se\/#\/schema\/logo\/image\/","url":"","contentUrl":"","caption":"Trinambai"},"image":{"@id":"https:\/\/trinambai.se\/#\/schema\/logo\/image\/"},"sameAs":["https:\/\/www.facebook.com\/trinambai\/","https:\/\/x.com\/trinambai","https:\/\/www.instagram.com\/trinambai\/"]}]}},"_links":{"self":[{"href":"https:\/\/trinambai.se\/en\/wp-json\/wp\/v2\/product\/268955","targetHints":{"allow":["GET"]}}],"collection":[{"href":"https:\/\/trinambai.se\/en\/wp-json\/wp\/v2\/product"}],"about":[{"href":"https:\/\/trinambai.se\/en\/wp-json\/wp\/v2\/types\/product"}],"replies":[{"embeddable":true,"href":"https:\/\/trinambai.se\/en\/wp-json\/wp\/v2\/comments?post=268955"}],"wp:featuredmedia":[{"embeddable":true,"href":"https:\/\/trinambai.se\/en\/wp-json\/wp\/v2\/media\/269464"}],"wp:attachment":[{"href":"https:\/\/trinambai.se\/en\/wp-json\/wp\/v2\/media?parent=268955"}],"wp:term":[{"taxonomy":"product_brand","embeddable":true,"href":"https:\/\/trinambai.se\/en\/wp-json\/wp\/v2\/product_brand?post=268955"},{"taxonomy":"product_cat","embeddable":true,"href":"https:\/\/trinambai.se\/en\/wp-json\/wp\/v2\/product_cat?post=268955"},{"taxonomy":"product_tag","embeddable":true,"href":"https:\/\/trinambai.se\/en\/wp-json\/wp\/v2\/product_tag?post=268955"}],"curies":[{"name":"wp","href":"https:\/\/api.w.org\/{rel}","templated":true}]}}